{"id":724,"date":"2024-05-23T16:44:58","date_gmt":"2024-05-23T14:44:58","guid":{"rendered":"https:\/\/cycle-leipzig.de\/?page_id=724"},"modified":"2024-05-23T16:44:58","modified_gmt":"2024-05-23T14:44:58","slug":"louer-un-velo-un-e-bike-a-leipzig-4","status":"publish","type":"page","link":"https:\/\/cycle-leipzig.de\/fr\/louer-un-velo-un-e-bike-a-leipzig-4\/","title":{"rendered":"Louer un v\u00e9lo &amp; un e-bike \u00e0 Leipzig"},"content":{"rendered":"\n<h1 class=\"wp-block-heading\"><\/h1>\n\n<div class=\"wp-block-group is-nowrap is-layout-flex wp-container-core-group-is-layout-ad2f72ca wp-block-group-is-layout-flex\"><\/div>\n\n","protected":false},"excerpt":{"rendered":"","protected":false},"author":1,"featured_media":0,"parent":0,"menu_order":0,"comment_status":"closed","ping_status":"closed","template":"page-templates\/page-homepage.php","meta":{"footnotes":""},"class_list":["post-724","page","type-page","status-publish","hentry"],"yoast_head":"<!-- This site is optimized with the Yoast SEO plugin v27.3 - https:\/\/yoast.com\/product\/yoast-seo-wordpress\/ -->\n<title>Louer un v\u00e9lo &amp; un e-bike \u00e0 Leipzig - Cycle-Leipzig.de - Rent a Bike<\/title>\n<meta name=\"description\" content=\"\u00c0 partir de 15 euros par jour, Cycle-Leipzig.de vous propose de louer un v\u00e9lo chic dans le centre de Leipzig. Nous louons \u00e9galement de superbes eBikes et VTT.\" \/>\n<meta name=\"robots\" content=\"index, follow, max-snippet:-1, max-image-preview:large, max-video-preview:-1\" \/>\n<link rel=\"canonical\" href=\"https:\/\/cycle-leipzig.de\/fr\/louer-un-velo-un-e-bike-a-leipzig-4\/\" \/>\n<meta property=\"og:locale\" content=\"fr_FR\" \/>\n<meta property=\"og:type\" content=\"article\" \/>\n<meta property=\"og:title\" content=\"Louer un v\u00e9lo &amp; un e-bike \u00e0 Leipzig - Cycle-Leipzig.de - Rent a Bike\" \/>\n<meta property=\"og:description\" content=\"\u00c0 partir de 15 euros par jour, Cycle-Leipzig.de vous propose de louer un v\u00e9lo chic dans le centre de Leipzig. Nous louons \u00e9galement de superbes eBikes et VTT.\" \/>\n<meta property=\"og:url\" content=\"https:\/\/cycle-leipzig.de\/fr\/louer-un-velo-un-e-bike-a-leipzig-4\/\" \/>\n<meta property=\"og:site_name\" content=\"Cycle-Leipzig.de - Rent a Bike\" \/>\n<meta name=\"twitter:card\" content=\"summary_large_image\" \/>\n<script type=\"application\/ld+json\" class=\"yoast-schema-graph\">{\"@context\":\"https:\\\/\\\/schema.org\",\"@graph\":[{\"@type\":\"WebPage\",\"@id\":\"https:\\\/\\\/cycle-leipzig.de\\\/fr\\\/louer-un-velo-un-e-bike-a-leipzig-4\\\/\",\"url\":\"https:\\\/\\\/cycle-leipzig.de\\\/fr\\\/louer-un-velo-un-e-bike-a-leipzig-4\\\/\",\"name\":\"Louer un v\u00e9lo &amp; un e-bike \u00e0 Leipzig - Cycle-Leipzig.de - Rent a Bike\",\"isPartOf\":{\"@id\":\"https:\\\/\\\/cycle-leipzig.de\\\/fr\\\/#website\"},\"datePublished\":\"2024-05-23T14:44:58+00:00\",\"description\":\"\u00c0 partir de 15 euros par jour, Cycle-Leipzig.de vous propose de louer un v\u00e9lo chic dans le centre de Leipzig. Nous louons \u00e9galement de superbes eBikes et VTT.\",\"breadcrumb\":{\"@id\":\"https:\\\/\\\/cycle-leipzig.de\\\/fr\\\/louer-un-velo-un-e-bike-a-leipzig-4\\\/#breadcrumb\"},\"inLanguage\":\"fr-FR\",\"potentialAction\":[{\"@type\":\"ReadAction\",\"target\":[\"https:\\\/\\\/cycle-leipzig.de\\\/fr\\\/louer-un-velo-un-e-bike-a-leipzig-4\\\/\"]}]},{\"@type\":\"BreadcrumbList\",\"@id\":\"https:\\\/\\\/cycle-leipzig.de\\\/fr\\\/louer-un-velo-un-e-bike-a-leipzig-4\\\/#breadcrumb\",\"itemListElement\":[{\"@type\":\"ListItem\",\"position\":1,\"name\":\"Startseite\",\"item\":\"https:\\\/\\\/cycle-leipzig.de\\\/fr\\\/louer-un-velo-un-e-bike-a-leipzig\\\/\"},{\"@type\":\"ListItem\",\"position\":2,\"name\":\"Louer un v\u00e9lo &amp; un e-bike \u00e0 Leipzig\"}]},{\"@type\":\"WebSite\",\"@id\":\"https:\\\/\\\/cycle-leipzig.de\\\/fr\\\/#website\",\"url\":\"https:\\\/\\\/cycle-leipzig.de\\\/fr\\\/\",\"name\":\"Cycle-Leipzig.de - Rent a Bike\",\"description\":\"eBike &amp; Fahrrad mieten in Leipzig Zentrum\",\"publisher\":{\"@id\":\"https:\\\/\\\/cycle-leipzig.de\\\/fr\\\/#organization\"},\"alternateName\":\"Fahrrad oder E-Bike mieten im Zentrum von Leipzig\",\"potentialAction\":[{\"@type\":\"SearchAction\",\"target\":{\"@type\":\"EntryPoint\",\"urlTemplate\":\"https:\\\/\\\/cycle-leipzig.de\\\/fr\\\/?s={search_term_string}\"},\"query-input\":{\"@type\":\"PropertyValueSpecification\",\"valueRequired\":true,\"valueName\":\"search_term_string\"}}],\"inLanguage\":\"fr-FR\"},{\"@type\":\"Organization\",\"@id\":\"https:\\\/\\\/cycle-leipzig.de\\\/fr\\\/#organization\",\"name\":\"Cycle-Leipzig.de powerd by eBike-Haus.de GmbH\",\"url\":\"https:\\\/\\\/cycle-leipzig.de\\\/fr\\\/\",\"logo\":{\"@type\":\"ImageObject\",\"inLanguage\":\"fr-FR\",\"@id\":\"https:\\\/\\\/cycle-leipzig.de\\\/fr\\\/#\\\/schema\\\/logo\\\/image\\\/\",\"url\":\"https:\\\/\\\/cycle-leipzig.de\\\/wp-content\\\/uploads\\\/2023\\\/09\\\/Cycle-Leipzig_Logo.png\",\"contentUrl\":\"https:\\\/\\\/cycle-leipzig.de\\\/wp-content\\\/uploads\\\/2023\\\/09\\\/Cycle-Leipzig_Logo.png\",\"width\":2000,\"height\":1576,\"caption\":\"Cycle-Leipzig.de powerd by eBike-Haus.de GmbH\"},\"image\":{\"@id\":\"https:\\\/\\\/cycle-leipzig.de\\\/fr\\\/#\\\/schema\\\/logo\\\/image\\\/\"}}]}<\/script>\n<!-- \/ Yoast SEO plugin. -->","yoast_head_json":{"title":"Louer un v\u00e9lo &amp; un e-bike \u00e0 Leipzig - Cycle-Leipzig.de - Rent a Bike","description":"\u00c0 partir de 15 euros par jour, Cycle-Leipzig.de vous propose de louer un v\u00e9lo chic dans le centre de Leipzig. Nous louons \u00e9galement de superbes eBikes et VTT.","robots":{"index":"index","follow":"follow","max-snippet":"max-snippet:-1","max-image-preview":"max-image-preview:large","max-video-preview":"max-video-preview:-1"},"canonical":"https:\/\/cycle-leipzig.de\/fr\/louer-un-velo-un-e-bike-a-leipzig-4\/","og_locale":"fr_FR","og_type":"article","og_title":"Louer un v\u00e9lo &amp; un e-bike \u00e0 Leipzig - Cycle-Leipzig.de - Rent a Bike","og_description":"\u00c0 partir de 15 euros par jour, Cycle-Leipzig.de vous propose de louer un v\u00e9lo chic dans le centre de Leipzig. Nous louons \u00e9galement de superbes eBikes et VTT.","og_url":"https:\/\/cycle-leipzig.de\/fr\/louer-un-velo-un-e-bike-a-leipzig-4\/","og_site_name":"Cycle-Leipzig.de - Rent a Bike","twitter_card":"summary_large_image","schema":{"@context":"https:\/\/schema.org","@graph":[{"@type":"WebPage","@id":"https:\/\/cycle-leipzig.de\/fr\/louer-un-velo-un-e-bike-a-leipzig-4\/","url":"https:\/\/cycle-leipzig.de\/fr\/louer-un-velo-un-e-bike-a-leipzig-4\/","name":"Louer un v\u00e9lo &amp; un e-bike \u00e0 Leipzig - Cycle-Leipzig.de - Rent a Bike","isPartOf":{"@id":"https:\/\/cycle-leipzig.de\/fr\/#website"},"datePublished":"2024-05-23T14:44:58+00:00","description":"\u00c0 partir de 15 euros par jour, Cycle-Leipzig.de vous propose de louer un v\u00e9lo chic dans le centre de Leipzig. Nous louons \u00e9galement de superbes eBikes et VTT.","breadcrumb":{"@id":"https:\/\/cycle-leipzig.de\/fr\/louer-un-velo-un-e-bike-a-leipzig-4\/#breadcrumb"},"inLanguage":"fr-FR","potentialAction":[{"@type":"ReadAction","target":["https:\/\/cycle-leipzig.de\/fr\/louer-un-velo-un-e-bike-a-leipzig-4\/"]}]},{"@type":"BreadcrumbList","@id":"https:\/\/cycle-leipzig.de\/fr\/louer-un-velo-un-e-bike-a-leipzig-4\/#breadcrumb","itemListElement":[{"@type":"ListItem","position":1,"name":"Startseite","item":"https:\/\/cycle-leipzig.de\/fr\/louer-un-velo-un-e-bike-a-leipzig\/"},{"@type":"ListItem","position":2,"name":"Louer un v\u00e9lo &amp; un e-bike \u00e0 Leipzig"}]},{"@type":"WebSite","@id":"https:\/\/cycle-leipzig.de\/fr\/#website","url":"https:\/\/cycle-leipzig.de\/fr\/","name":"Cycle-Leipzig.de - Rent a Bike","description":"eBike &amp; Fahrrad mieten in Leipzig Zentrum","publisher":{"@id":"https:\/\/cycle-leipzig.de\/fr\/#organization"},"alternateName":"Fahrrad oder E-Bike mieten im Zentrum von Leipzig","potentialAction":[{"@type":"SearchAction","target":{"@type":"EntryPoint","urlTemplate":"https:\/\/cycle-leipzig.de\/fr\/?s={search_term_string}"},"query-input":{"@type":"PropertyValueSpecification","valueRequired":true,"valueName":"search_term_string"}}],"inLanguage":"fr-FR"},{"@type":"Organization","@id":"https:\/\/cycle-leipzig.de\/fr\/#organization","name":"Cycle-Leipzig.de powerd by eBike-Haus.de GmbH","url":"https:\/\/cycle-leipzig.de\/fr\/","logo":{"@type":"ImageObject","inLanguage":"fr-FR","@id":"https:\/\/cycle-leipzig.de\/fr\/#\/schema\/logo\/image\/","url":"https:\/\/cycle-leipzig.de\/wp-content\/uploads\/2023\/09\/Cycle-Leipzig_Logo.png","contentUrl":"https:\/\/cycle-leipzig.de\/wp-content\/uploads\/2023\/09\/Cycle-Leipzig_Logo.png","width":2000,"height":1576,"caption":"Cycle-Leipzig.de powerd by eBike-Haus.de GmbH"},"image":{"@id":"https:\/\/cycle-leipzig.de\/fr\/#\/schema\/logo\/image\/"}}]}},"_links":{"self":[{"href":"https:\/\/cycle-leipzig.de\/fr\/wp-json\/wp\/v2\/pages\/724","targetHints":{"allow":["GET"]}}],"collection":[{"href":"https:\/\/cycle-leipzig.de\/fr\/wp-json\/wp\/v2\/pages"}],"about":[{"href":"https:\/\/cycle-leipzig.de\/fr\/wp-json\/wp\/v2\/types\/page"}],"author":[{"embeddable":true,"href":"https:\/\/cycle-leipzig.de\/fr\/wp-json\/wp\/v2\/users\/1"}],"replies":[{"embeddable":true,"href":"https:\/\/cycle-leipzig.de\/fr\/wp-json\/wp\/v2\/comments?post=724"}],"version-history":[{"count":1,"href":"https:\/\/cycle-leipzig.de\/fr\/wp-json\/wp\/v2\/pages\/724\/revisions"}],"predecessor-version":[{"id":727,"href":"https:\/\/cycle-leipzig.de\/fr\/wp-json\/wp\/v2\/pages\/724\/revisions\/727"}],"wp:attachment":[{"href":"https:\/\/cycle-leipzig.de\/fr\/wp-json\/wp\/v2\/media?parent=724"}],"curies":[{"name":"wp","href":"https:\/\/api.w.org\/{rel}","templated":true}]}}