{"id":527,"date":"2023-06-17T17:38:04","date_gmt":"2023-06-17T15:38:04","guid":{"rendered":"https:\/\/cycle-leipzig.de\/pie-de-imprenta\/"},"modified":"2024-01-03T12:26:18","modified_gmt":"2024-01-03T11:26:18","slug":"pie-de-imprenta","status":"publish","type":"page","link":"https:\/\/cycle-leipzig.de\/es\/pie-de-imprenta\/","title":{"rendered":"Pie de imprenta"},"content":{"rendered":"\n<h2 class=\"wp-block-heading\">P\u00f3ngase en contacto con nosotros<\/h2>\n\n<p>Identificaci\u00f3n legal del proveedor:<\/p>\n\n<p><strong>Cycle-Leipzig.de es el alquiler de bicicletas y e-bikes<\/strong><br\/><br\/>Johannisplatz 21<br\/>04103 Leipzig<br\/>vertr. d. el Director General W. Schlicht<br\/>Tel\u00e9fono: 0341 97852530<br\/>correo electr\u00f3nico: <a rel=\"noreferrer noopener\" href=\"mailto:Cycle-Leipzig@eBike-Haus.de\" target=\"_blank\">Cycle-Leipzig@eBike-Haus.de<\/a><br\/>CIF: DE340468638<br\/>inscrita en el registro mercantil del tribunal de distrito de Leipzig<br\/>N\u00famero de registro mercantil HRB 38554<\/p>\n\n<p>Responsable del contenido seg\u00fan \u00a7 18 Abs. 2 MStV:<br\/>Sr. W. Schlicht<br\/>Johannisplatz 21<br\/>04103 Leipzig<br\/>Alemania<\/p>\n\n<p>Resoluci\u00f3n alternativa de litigios:<br\/>La Comisi\u00f3n Europea ofrece una plataforma para la resoluci\u00f3n extrajudicial de litigios en l\u00ednea (plataforma RLL), a la que se puede acceder en <a href=\"https:\/\/ec.europa.eu\/odr\" target=\"_blank\" rel=\"noreferrer noopener\">https:\/\/ec.europa.eu\/odr.<\/a><\/p>\n","protected":false},"excerpt":{"rendered":"<p>P\u00f3ngase en contacto con nosotros Identificaci\u00f3n legal del proveedor: Cycle-Leipzig.de es el alquiler de bicicletas y e-bikes Johannisplatz 2104103 Leipzigvertr. d. el Director General W. SchlichtTel\u00e9fono: 0341 97852530correo electr\u00f3nico: Cycle-Leipzig@eBike-Haus.deCIF: DE340468638inscrita en el registro mercantil del tribunal de distrito de LeipzigN\u00famero de registro mercantil HRB 38554 Responsable del contenido seg\u00fan \u00a7 18 Abs. 2 MStV:Sr. &hellip; <\/p>\n<p class=\"link-more\"><a href=\"https:\/\/cycle-leipzig.de\/es\/pie-de-imprenta\/\" class=\"more-link\"><span class=\"screen-reader-text\"> prova &#8220;Pie de imprenta&#8221;<\/span><\/a><\/p>\n","protected":false},"author":1,"featured_media":0,"parent":0,"menu_order":0,"comment_status":"closed","ping_status":"closed","template":"page-templates\/page-notitle.php","meta":{"_acf_changed":false,"footnotes":""},"class_list":["post-527","page","type-page","status-publish","hentry"],"acf":[],"yoast_head":"<!-- This site is optimized with the Yoast SEO plugin v27.3 - https:\/\/yoast.com\/product\/yoast-seo-wordpress\/ -->\n<title>Pie de imprenta - Cycle-Leipzig.de - Rent a Bike<\/title>\n<meta name=\"robots\" content=\"index, follow, max-snippet:-1, max-image-preview:large, max-video-preview:-1\" \/>\n<link rel=\"canonical\" href=\"https:\/\/cycle-leipzig.de\/es\/pie-de-imprenta\/\" \/>\n<meta property=\"og:locale\" content=\"es_ES\" \/>\n<meta property=\"og:type\" content=\"article\" \/>\n<meta property=\"og:title\" content=\"Pie de imprenta - Cycle-Leipzig.de - Rent a Bike\" \/>\n<meta property=\"og:description\" content=\"P\u00f3ngase en contacto con nosotros Identificaci\u00f3n legal del proveedor: Cycle-Leipzig.de es el alquiler de bicicletas y e-bikes Johannisplatz 2104103 Leipzigvertr. d. el Director General W. SchlichtTel\u00e9fono: 0341 97852530correo electr\u00f3nico: Cycle-Leipzig@eBike-Haus.deCIF: DE340468638inscrita en el registro mercantil del tribunal de distrito de LeipzigN\u00famero de registro mercantil HRB 38554 Responsable del contenido seg\u00fan \u00a7 18 Abs. 2 MStV:Sr. &hellip; prova &quot;Pie de imprenta&quot;\" \/>\n<meta property=\"og:url\" content=\"https:\/\/cycle-leipzig.de\/es\/pie-de-imprenta\/\" \/>\n<meta property=\"og:site_name\" content=\"Cycle-Leipzig.de - Rent a Bike\" \/>\n<meta property=\"article:modified_time\" content=\"2024-01-03T11:26:18+00:00\" \/>\n<meta name=\"twitter:card\" content=\"summary_large_image\" \/>\n<script type=\"application\/ld+json\" class=\"yoast-schema-graph\">{\"@context\":\"https:\\\/\\\/schema.org\",\"@graph\":[{\"@type\":\"WebPage\",\"@id\":\"https:\\\/\\\/cycle-leipzig.de\\\/es\\\/pie-de-imprenta\\\/\",\"url\":\"https:\\\/\\\/cycle-leipzig.de\\\/es\\\/pie-de-imprenta\\\/\",\"name\":\"Pie de imprenta - Cycle-Leipzig.de - Rent a Bike\",\"isPartOf\":{\"@id\":\"https:\\\/\\\/cycle-leipzig.de\\\/es\\\/#website\"},\"datePublished\":\"2023-06-17T15:38:04+00:00\",\"dateModified\":\"2024-01-03T11:26:18+00:00\",\"breadcrumb\":{\"@id\":\"https:\\\/\\\/cycle-leipzig.de\\\/es\\\/pie-de-imprenta\\\/#breadcrumb\"},\"inLanguage\":\"es\",\"potentialAction\":[{\"@type\":\"ReadAction\",\"target\":[\"https:\\\/\\\/cycle-leipzig.de\\\/es\\\/pie-de-imprenta\\\/\"]}]},{\"@type\":\"BreadcrumbList\",\"@id\":\"https:\\\/\\\/cycle-leipzig.de\\\/es\\\/pie-de-imprenta\\\/#breadcrumb\",\"itemListElement\":[{\"@type\":\"ListItem\",\"position\":1,\"name\":\"Startseite\",\"item\":\"https:\\\/\\\/cycle-leipzig.de\\\/es\\\/alquilar-una-bicicleta-y-una-e-bike-en-leipzig\\\/\"},{\"@type\":\"ListItem\",\"position\":2,\"name\":\"Pie de imprenta\"}]},{\"@type\":\"WebSite\",\"@id\":\"https:\\\/\\\/cycle-leipzig.de\\\/es\\\/#website\",\"url\":\"https:\\\/\\\/cycle-leipzig.de\\\/es\\\/\",\"name\":\"Cycle-Leipzig.de - Rent a Bike\",\"description\":\"eBike &amp; Fahrrad mieten in Leipzig Zentrum\",\"publisher\":{\"@id\":\"https:\\\/\\\/cycle-leipzig.de\\\/es\\\/#organization\"},\"alternateName\":\"Fahrrad oder E-Bike mieten im Zentrum von Leipzig\",\"potentialAction\":[{\"@type\":\"SearchAction\",\"target\":{\"@type\":\"EntryPoint\",\"urlTemplate\":\"https:\\\/\\\/cycle-leipzig.de\\\/es\\\/?s={search_term_string}\"},\"query-input\":{\"@type\":\"PropertyValueSpecification\",\"valueRequired\":true,\"valueName\":\"search_term_string\"}}],\"inLanguage\":\"es\"},{\"@type\":\"Organization\",\"@id\":\"https:\\\/\\\/cycle-leipzig.de\\\/es\\\/#organization\",\"name\":\"Cycle-Leipzig.de powerd by eBike-Haus.de GmbH\",\"url\":\"https:\\\/\\\/cycle-leipzig.de\\\/es\\\/\",\"logo\":{\"@type\":\"ImageObject\",\"inLanguage\":\"es\",\"@id\":\"https:\\\/\\\/cycle-leipzig.de\\\/es\\\/#\\\/schema\\\/logo\\\/image\\\/\",\"url\":\"https:\\\/\\\/cycle-leipzig.de\\\/wp-content\\\/uploads\\\/2023\\\/09\\\/Cycle-Leipzig_Logo.png\",\"contentUrl\":\"https:\\\/\\\/cycle-leipzig.de\\\/wp-content\\\/uploads\\\/2023\\\/09\\\/Cycle-Leipzig_Logo.png\",\"width\":2000,\"height\":1576,\"caption\":\"Cycle-Leipzig.de powerd by eBike-Haus.de GmbH\"},\"image\":{\"@id\":\"https:\\\/\\\/cycle-leipzig.de\\\/es\\\/#\\\/schema\\\/logo\\\/image\\\/\"}}]}<\/script>\n<!-- \/ Yoast SEO plugin. -->","yoast_head_json":{"title":"Pie de imprenta - Cycle-Leipzig.de - Rent a Bike","robots":{"index":"index","follow":"follow","max-snippet":"max-snippet:-1","max-image-preview":"max-image-preview:large","max-video-preview":"max-video-preview:-1"},"canonical":"https:\/\/cycle-leipzig.de\/es\/pie-de-imprenta\/","og_locale":"es_ES","og_type":"article","og_title":"Pie de imprenta - Cycle-Leipzig.de - Rent a Bike","og_description":"P\u00f3ngase en contacto con nosotros Identificaci\u00f3n legal del proveedor: Cycle-Leipzig.de es el alquiler de bicicletas y e-bikes Johannisplatz 2104103 Leipzigvertr. d. el Director General W. SchlichtTel\u00e9fono: 0341 97852530correo electr\u00f3nico: Cycle-Leipzig@eBike-Haus.deCIF: DE340468638inscrita en el registro mercantil del tribunal de distrito de LeipzigN\u00famero de registro mercantil HRB 38554 Responsable del contenido seg\u00fan \u00a7 18 Abs. 2 MStV:Sr. &hellip; prova \"Pie de imprenta\"","og_url":"https:\/\/cycle-leipzig.de\/es\/pie-de-imprenta\/","og_site_name":"Cycle-Leipzig.de - Rent a Bike","article_modified_time":"2024-01-03T11:26:18+00:00","twitter_card":"summary_large_image","schema":{"@context":"https:\/\/schema.org","@graph":[{"@type":"WebPage","@id":"https:\/\/cycle-leipzig.de\/es\/pie-de-imprenta\/","url":"https:\/\/cycle-leipzig.de\/es\/pie-de-imprenta\/","name":"Pie de imprenta - Cycle-Leipzig.de - Rent a Bike","isPartOf":{"@id":"https:\/\/cycle-leipzig.de\/es\/#website"},"datePublished":"2023-06-17T15:38:04+00:00","dateModified":"2024-01-03T11:26:18+00:00","breadcrumb":{"@id":"https:\/\/cycle-leipzig.de\/es\/pie-de-imprenta\/#breadcrumb"},"inLanguage":"es","potentialAction":[{"@type":"ReadAction","target":["https:\/\/cycle-leipzig.de\/es\/pie-de-imprenta\/"]}]},{"@type":"BreadcrumbList","@id":"https:\/\/cycle-leipzig.de\/es\/pie-de-imprenta\/#breadcrumb","itemListElement":[{"@type":"ListItem","position":1,"name":"Startseite","item":"https:\/\/cycle-leipzig.de\/es\/alquilar-una-bicicleta-y-una-e-bike-en-leipzig\/"},{"@type":"ListItem","position":2,"name":"Pie de imprenta"}]},{"@type":"WebSite","@id":"https:\/\/cycle-leipzig.de\/es\/#website","url":"https:\/\/cycle-leipzig.de\/es\/","name":"Cycle-Leipzig.de - Rent a Bike","description":"eBike &amp; Fahrrad mieten in Leipzig Zentrum","publisher":{"@id":"https:\/\/cycle-leipzig.de\/es\/#organization"},"alternateName":"Fahrrad oder E-Bike mieten im Zentrum von Leipzig","potentialAction":[{"@type":"SearchAction","target":{"@type":"EntryPoint","urlTemplate":"https:\/\/cycle-leipzig.de\/es\/?s={search_term_string}"},"query-input":{"@type":"PropertyValueSpecification","valueRequired":true,"valueName":"search_term_string"}}],"inLanguage":"es"},{"@type":"Organization","@id":"https:\/\/cycle-leipzig.de\/es\/#organization","name":"Cycle-Leipzig.de powerd by eBike-Haus.de GmbH","url":"https:\/\/cycle-leipzig.de\/es\/","logo":{"@type":"ImageObject","inLanguage":"es","@id":"https:\/\/cycle-leipzig.de\/es\/#\/schema\/logo\/image\/","url":"https:\/\/cycle-leipzig.de\/wp-content\/uploads\/2023\/09\/Cycle-Leipzig_Logo.png","contentUrl":"https:\/\/cycle-leipzig.de\/wp-content\/uploads\/2023\/09\/Cycle-Leipzig_Logo.png","width":2000,"height":1576,"caption":"Cycle-Leipzig.de powerd by eBike-Haus.de GmbH"},"image":{"@id":"https:\/\/cycle-leipzig.de\/es\/#\/schema\/logo\/image\/"}}]}},"_links":{"self":[{"href":"https:\/\/cycle-leipzig.de\/es\/wp-json\/wp\/v2\/pages\/527","targetHints":{"allow":["GET"]}}],"collection":[{"href":"https:\/\/cycle-leipzig.de\/es\/wp-json\/wp\/v2\/pages"}],"about":[{"href":"https:\/\/cycle-leipzig.de\/es\/wp-json\/wp\/v2\/types\/page"}],"author":[{"embeddable":true,"href":"https:\/\/cycle-leipzig.de\/es\/wp-json\/wp\/v2\/users\/1"}],"replies":[{"embeddable":true,"href":"https:\/\/cycle-leipzig.de\/es\/wp-json\/wp\/v2\/comments?post=527"}],"version-history":[{"count":1,"href":"https:\/\/cycle-leipzig.de\/es\/wp-json\/wp\/v2\/pages\/527\/revisions"}],"predecessor-version":[{"id":528,"href":"https:\/\/cycle-leipzig.de\/es\/wp-json\/wp\/v2\/pages\/527\/revisions\/528"}],"wp:attachment":[{"href":"https:\/\/cycle-leipzig.de\/es\/wp-json\/wp\/v2\/media?parent=527"}],"curies":[{"name":"wp","href":"https:\/\/api.w.org\/{rel}","templated":true}]}}