{"id":523,"date":"2023-06-28T18:33:57","date_gmt":"2023-06-28T16:33:57","guid":{"rendered":"https:\/\/cycle-leipzig.de\/alquilar-bicicletas-en-cycle-leipzig-de\/"},"modified":"2023-06-28T18:33:57","modified_gmt":"2023-06-28T16:33:57","slug":"alquilar-bicicletas-en-cycle-leipzig-de","status":"publish","type":"page","link":"https:\/\/cycle-leipzig.de\/es\/alquilar-bicicletas-en-cycle-leipzig-de\/","title":{"rendered":"Alquilar bicicletas en Cycle-Leipzig.de"},"content":{"rendered":"\n<div class=\"wrap plugin-container\">\n\n\t\n\t\n\t<div class=\"vri-page-content\">\r\n\t<h3 class=\"vriclistheadt\">Fahrrad (ohne Motor)<\/h3>\r\n\t\t<div class=\"vrilistcontainer\">\r\n\t\t<div class=\"vri-list-item-block\">\r\n\t\t\t<div class=\"vri-list-item-inner\">\r\n\t\t\t\t\t\t\t<div class=\"vri-list-item-img\">\r\n\t\t\t\t\t<img decoding=\"async\" src=\"https:\/\/cycle-leipzig.de\/wp-content\/plugins\/vikrentitems\/admin\/resources\/2basic-mietrad.png\" alt=\"\" class=\"vrilistimg\"\/>\r\n\t\t\t\t<\/div>\r\n\t\t\t\t\t\t\t\t<div class=\"vri-list-item-descr\">\r\n\t\t\t\t\t<span class=\"vrilistitemname\">Basic Cityrad 28 Zoll - nur online -<\/span>\r\n\t\t\t\t\t<span class=\"vrilistitemcat\">Fahrrad (ohne Motor)<\/span>\r\n\t\t\t\t\t<div class=\"vrilistitemdescr\">\r\n\t\t\t\t\t\t<p>K\u00f6rpergr\u00f6\u00dfe: 1,65m - 1,85, 3-Gang Nabenschaltung, R\u00fccktritt<\/p>\n\t\t\t\t\t<\/div>\r\n\t\t\t\t\t\t\t\t\t<div class=\"vrilistitemcarats\"><ul class=\"vriulcarats\">\n<li>Citybike<\/li>\n<\/ul>\n<\/div>\r\n\t\t\t\t\t\t\t\t\t<\/div>\r\n\t\t\t<\/div>\r\n\t\t\t<div class=\"vri-list-item-cont\">\r\n\t\t\t\t<div class=\"vrilistcostdivcont\">\r\n\t\t\t\t\t\t\t\t\t\t<div class=\"vrilistdivcost\">\r\n\t\t\t\t\t\t<span class=\"vriliststartfrom\">Starting From<\/span>\r\n\t\t\t\t\t\t<span class=\"item_cost\">\u20ac 14,00<\/span>\r\n\t\t\t\t\t\t<span class=\"vriliststartfromtext\">per Day<\/span>\r\n\t\t\t\t\t<\/div>\r\n\t\t\t\t\t\t\t\t\t\t<span class=\"vrilistgoonlist\"><a href=\"https:\/\/cycle-leipzig.de\/es\/alquilar-bicicletas-en-cycle-leipzig-de\/?option=com_vikrentitems&amp;view=itemdetails&amp;elemid=10\">View Details<\/a><\/span>\r\n\t\t\t\t<\/div>\r\n\t\t\t<\/div>\r\n\t\t<\/div>\r\n\t\t\t<div class=\"vri-list-item-block\">\r\n\t\t\t<div class=\"vri-list-item-inner\">\r\n\t\t\t\t\t\t\t<div class=\"vri-list-item-img\">\r\n\t\t\t\t\t<img decoding=\"async\" src=\"https:\/\/cycle-leipzig.de\/wp-content\/plugins\/vikrentitems\/admin\/resources\/vthumb_2fahrrad_city_diagonal.png\" alt=\"\" class=\"vrilistimg\"\/>\r\n\t\t\t\t<\/div>\r\n\t\t\t\t\t\t\t\t<div class=\"vri-list-item-descr\">\r\n\t\t\t\t\t<span class=\"vrilistitemname\">Komfort Cityrad 28 Zoll<\/span>\r\n\t\t\t\t\t<span class=\"vrilistitemcat\">Fahrrad (ohne Motor)<\/span>\r\n\t\t\t\t\t<div class=\"vrilistitemdescr\">\r\n\t\t\t\t\t\t<p>K\u00f6rpergr\u00f6\u00dfe: 1,65m - 1,90, 7-Gang Nabenschaltung, Federgabel<\/p>\n\t\t\t\t\t<\/div>\r\n\t\t\t\t\t\t\t\t\t<div class=\"vrilistitemcarats\"><ul class=\"vriulcarats\">\n<li>Citybike<\/li>\n<\/ul>\n<\/div>\r\n\t\t\t\t\t\t\t\t\t<\/div>\r\n\t\t\t<\/div>\r\n\t\t\t<div class=\"vri-list-item-cont\">\r\n\t\t\t\t<div class=\"vrilistcostdivcont\">\r\n\t\t\t\t\t\t\t\t\t\t<div class=\"vrilistdivcost\">\r\n\t\t\t\t\t\t<span class=\"vriliststartfrom\">Starting From<\/span>\r\n\t\t\t\t\t\t<span class=\"item_cost\">\u20ac 17,00<\/span>\r\n\t\t\t\t\t\t<span class=\"vriliststartfromtext\">per Day<\/span>\r\n\t\t\t\t\t<\/div>\r\n\t\t\t\t\t\t\t\t\t\t<span class=\"vrilistgoonlist\"><a href=\"https:\/\/cycle-leipzig.de\/es\/alquilar-bicicletas-en-cycle-leipzig-de\/?option=com_vikrentitems&amp;view=itemdetails&amp;elemid=5\">View Details<\/a><\/span>\r\n\t\t\t\t<\/div>\r\n\t\t\t<\/div>\r\n\t\t<\/div>\r\n\t\t\t<div class=\"vri-list-item-block\">\r\n\t\t\t<div class=\"vri-list-item-inner\">\r\n\t\t\t\t\t\t\t<div class=\"vri-list-item-img\">\r\n\t\t\t\t\t<img decoding=\"async\" src=\"https:\/\/cycle-leipzig.de\/wp-content\/plugins\/vikrentitems\/admin\/resources\/vthumb_2fahrrad_city_diagonal.png\" alt=\"\" class=\"vrilistimg\"\/>\r\n\t\t\t\t<\/div>\r\n\t\t\t\t\t\t\t\t<div class=\"vri-list-item-descr\">\r\n\t\t\t\t\t<span class=\"vrilistitemname\">Komfort Cityrad 26 Zoll<\/span>\r\n\t\t\t\t\t<span class=\"vrilistitemcat\">Fahrrad (ohne Motor)<\/span>\r\n\t\t\t\t\t<div class=\"vrilistitemdescr\">\r\n\t\t\t\t\t\t<p>K\u00f6rpergr\u00f6\u00dfe: 1,55m - 1,75, 7 Gang Nabenschaltung, Federgabel, Komfortgriffe<\/p>\n\t\t\t\t\t<\/div>\r\n\t\t\t\t\t\t\t\t\t<div class=\"vrilistitemcarats\"><ul class=\"vriulcarats\">\n<li>Citybike<\/li>\n<\/ul>\n<\/div>\r\n\t\t\t\t\t\t\t\t\t<\/div>\r\n\t\t\t<\/div>\r\n\t\t\t<div class=\"vri-list-item-cont\">\r\n\t\t\t\t<div class=\"vrilistcostdivcont\">\r\n\t\t\t\t\t\t\t\t\t\t<div class=\"vrilistdivcost\">\r\n\t\t\t\t\t\t<span class=\"vriliststartfrom\">Starting From<\/span>\r\n\t\t\t\t\t\t<span class=\"item_cost\">\u20ac 17,00<\/span>\r\n\t\t\t\t\t\t<span class=\"vriliststartfromtext\">per Day<\/span>\r\n\t\t\t\t\t<\/div>\r\n\t\t\t\t\t\t\t\t\t\t<span class=\"vrilistgoonlist\"><a href=\"https:\/\/cycle-leipzig.de\/es\/alquilar-bicicletas-en-cycle-leipzig-de\/?option=com_vikrentitems&amp;view=itemdetails&amp;elemid=6\">View Details<\/a><\/span>\r\n\t\t\t\t<\/div>\r\n\t\t\t<\/div>\r\n\t\t<\/div>\r\n\t\t\t<div class=\"vri-list-item-block\">\r\n\t\t\t<div class=\"vri-list-item-inner\">\r\n\t\t\t\t\t\t\t<div class=\"vri-list-item-img\">\r\n\t\t\t\t\t<img decoding=\"async\" src=\"https:\/\/cycle-leipzig.de\/wp-content\/plugins\/vikrentitems\/admin\/resources\/1jugendrad.png\" alt=\"\" class=\"vrilistimg\"\/>\r\n\t\t\t\t<\/div>\r\n\t\t\t\t\t\t\t\t<div class=\"vri-list-item-descr\">\r\n\t\t\t\t\t<span class=\"vrilistitemname\">Jugendrad 24 Zoll<\/span>\r\n\t\t\t\t\t<span class=\"vrilistitemcat\">Fahrrad (ohne Motor), Kinder- und Jugendrad<\/span>\r\n\t\t\t\t\t<div class=\"vrilistitemdescr\">\r\n\t\t\t\t\t\t<p>K\u00f6rpergr\u00f6\u00dfe: 1,30m - 1,45, 3-Gang Nabenschaltung, R\u00fccktritt<\/p>\n\t\t\t\t\t<\/div>\r\n\t\t\t\t\t\t\t\t\t<div class=\"vrilistitemcarats\"><ul class=\"vriulcarats\">\n<li>kleine Menschen<\/li>\n<li>Kinderrad<\/li>\n<\/ul>\n<\/div>\r\n\t\t\t\t\t\t\t\t\t<\/div>\r\n\t\t\t<\/div>\r\n\t\t\t<div class=\"vri-list-item-cont\">\r\n\t\t\t\t<div class=\"vrilistcostdivcont\">\r\n\t\t\t\t\t\t\t\t\t\t<div class=\"vrilistdivcost\">\r\n\t\t\t\t\t\t<span class=\"vriliststartfrom\">Starting From<\/span>\r\n\t\t\t\t\t\t<span class=\"item_cost\">\u20ac 17,00<\/span>\r\n\t\t\t\t\t\t<span class=\"vriliststartfromtext\">per Day<\/span>\r\n\t\t\t\t\t<\/div>\r\n\t\t\t\t\t\t\t\t\t\t<span class=\"vrilistgoonlist\"><a href=\"https:\/\/cycle-leipzig.de\/es\/alquilar-bicicletas-en-cycle-leipzig-de\/?option=com_vikrentitems&amp;view=itemdetails&amp;elemid=11\">View Details<\/a><\/span>\r\n\t\t\t\t<\/div>\r\n\t\t\t<\/div>\r\n\t\t<\/div>\r\n\t\t\t<div class=\"vri-list-item-block\">\r\n\t\t\t<div class=\"vri-list-item-inner\">\r\n\t\t\t\t\t\t\t<div class=\"vri-list-item-img\">\r\n\t\t\t\t\t<img decoding=\"async\" src=\"https:\/\/cycle-leipzig.de\/wp-content\/plugins\/vikrentitems\/admin\/resources\/vthumb_fahrrad_mtb_diagonal.png\" alt=\"\" class=\"vrilistimg\"\/>\r\n\t\t\t\t<\/div>\r\n\t\t\t\t\t\t\t\t<div class=\"vri-list-item-descr\">\r\n\t\t\t\t\t<span class=\"vrilistitemname\">Mountainbike 27,5 Zoll<\/span>\r\n\t\t\t\t\t<span class=\"vrilistitemcat\">Fahrrad (ohne Motor)<\/span>\r\n\t\t\t\t\t<div class=\"vrilistitemdescr\">\r\n\t\t\t\t\t\t<p>K\u00f6rpergr\u00f6\u00dfe: 1,55m - 1,80, Kettenschaltung, Scheibenbremsen<\/p>\n\t\t\t\t\t<\/div>\r\n\t\t\t\t\t\t\t\t\t<div class=\"vrilistitemcarats\"><ul class=\"vriulcarats\">\n<li>Mountainbike<\/li>\n<li>Herrenrad<\/li>\n<\/ul>\n<\/div>\r\n\t\t\t\t\t\t\t\t\t<\/div>\r\n\t\t\t<\/div>\r\n\t\t\t<div class=\"vri-list-item-cont\">\r\n\t\t\t\t<div class=\"vrilistcostdivcont\">\r\n\t\t\t\t\t\t\t\t\t\t<div class=\"vrilistdivcost\">\r\n\t\t\t\t\t\t<span class=\"vriliststartfrom\">Starting From<\/span>\r\n\t\t\t\t\t\t<span class=\"item_cost\">\u20ac 17,00<\/span>\r\n\t\t\t\t\t\t<span class=\"vriliststartfromtext\">per Day<\/span>\r\n\t\t\t\t\t<\/div>\r\n\t\t\t\t\t\t\t\t\t\t<span class=\"vrilistgoonlist\"><a href=\"https:\/\/cycle-leipzig.de\/es\/alquilar-bicicletas-en-cycle-leipzig-de\/?option=com_vikrentitems&amp;view=itemdetails&amp;elemid=7\">View Details<\/a><\/span>\r\n\t\t\t\t<\/div>\r\n\t\t\t<\/div>\r\n\t\t<\/div>\r\n\t\t\t<div class=\"vri-list-item-block\">\r\n\t\t\t<div class=\"vri-list-item-inner\">\r\n\t\t\t\t\t\t\t<div class=\"vri-list-item-img\">\r\n\t\t\t\t\t<img decoding=\"async\" src=\"https:\/\/cycle-leipzig.de\/wp-content\/plugins\/vikrentitems\/admin\/resources\/mountainbike-premium.jpg\" alt=\"\" class=\"vrilistimg\"\/>\r\n\t\t\t\t<\/div>\r\n\t\t\t\t\t\t\t\t<div class=\"vri-list-item-descr\">\r\n\t\t\t\t\t<span class=\"vrilistitemname\">Mountainbike 29 Zoll Premium<\/span>\r\n\t\t\t\t\t<span class=\"vrilistitemcat\">Fahrrad (ohne Motor)<\/span>\r\n\t\t\t\t\t<div class=\"vrilistitemdescr\">\r\n\t\t\t\t\t\t<p>K\u00f6rpergr\u00f6\u00dfe: 1,65m - 1,85, Kettenschaltung, Scheibenbremsen<\/p>\n\t\t\t\t\t<\/div>\r\n\t\t\t\t\t\t\t\t\t<div class=\"vrilistitemcarats\"><ul class=\"vriulcarats\">\n<li>Mountainbike<\/li>\n<li>Herrenrad<\/li>\n<\/ul>\n<\/div>\r\n\t\t\t\t\t\t\t\t\t<\/div>\r\n\t\t\t<\/div>\r\n\t\t\t<div class=\"vri-list-item-cont\">\r\n\t\t\t\t<div class=\"vrilistcostdivcont\">\r\n\t\t\t\t\t\t\t\t\t\t<div class=\"vrilistdivcost\">\r\n\t\t\t\t\t\t<span class=\"vriliststartfrom\">Starting From<\/span>\r\n\t\t\t\t\t\t<span class=\"item_cost\">\u20ac 19,00<\/span>\r\n\t\t\t\t\t\t<span class=\"vriliststartfromtext\">per Day<\/span>\r\n\t\t\t\t\t<\/div>\r\n\t\t\t\t\t\t\t\t\t\t<span class=\"vrilistgoonlist\"><a href=\"https:\/\/cycle-leipzig.de\/es\/alquilar-bicicletas-en-cycle-leipzig-de\/?option=com_vikrentitems&amp;view=itemdetails&amp;elemid=19\">View Details<\/a><\/span>\r\n\t\t\t\t<\/div>\r\n\t\t\t<\/div>\r\n\t\t<\/div>\r\n\t\t\t<div class=\"vri-list-item-block\">\r\n\t\t\t<div class=\"vri-list-item-inner\">\r\n\t\t\t\t\t\t\t<div class=\"vri-list-item-img\">\r\n\t\t\t\t\t<img decoding=\"async\" src=\"https:\/\/cycle-leipzig.de\/wp-content\/plugins\/vikrentitems\/admin\/resources\/trekking-premium.png\" alt=\"\" class=\"vrilistimg\"\/>\r\n\t\t\t\t<\/div>\r\n\t\t\t\t\t\t\t\t<div class=\"vri-list-item-descr\">\r\n\t\t\t\t\t<span class=\"vrilistitemname\">Reiserad Trekking Premium - Unisex<\/span>\r\n\t\t\t\t\t<span class=\"vrilistitemcat\">Fahrrad (ohne Motor)<\/span>\r\n\t\t\t\t\t<div class=\"vrilistitemdescr\">\r\n\t\t\t\t\t\t<p>K\u00f6rpergr\u00f6\u00dfe: 1,60m - 1,90, Scheibenbremsen<\/p>\n\t\t\t\t\t<\/div>\r\n\t\t\t\t\t\t\t\t\t<div class=\"vrilistitemcarats\"><ul class=\"vriulcarats\">\n<li>Mountainbike<\/li>\n<li>Herrenrad<\/li>\n<\/ul>\n<\/div>\r\n\t\t\t\t\t\t\t\t\t<\/div>\r\n\t\t\t<\/div>\r\n\t\t\t<div class=\"vri-list-item-cont\">\r\n\t\t\t\t<div class=\"vrilistcostdivcont\">\r\n\t\t\t\t\t\t\t\t\t\t<div class=\"vrilistdivcost\">\r\n\t\t\t\t\t\t<span class=\"vriliststartfrom\">Starting From<\/span>\r\n\t\t\t\t\t\t<span class=\"item_cost\">\u20ac 25,00<\/span>\r\n\t\t\t\t\t\t<span class=\"vriliststartfromtext\">per Day<\/span>\r\n\t\t\t\t\t<\/div>\r\n\t\t\t\t\t\t\t\t\t\t<span class=\"vrilistgoonlist\"><a href=\"https:\/\/cycle-leipzig.de\/es\/alquilar-bicicletas-en-cycle-leipzig-de\/?option=com_vikrentitems&amp;view=itemdetails&amp;elemid=20\">View Details<\/a><\/span>\r\n\t\t\t\t<\/div>\r\n\t\t\t<\/div>\r\n\t\t<\/div>\r\n\t\t\t<div class=\"vri-list-item-block\">\r\n\t\t\t<div class=\"vri-list-item-inner\">\r\n\t\t\t\t\t\t\t<div class=\"vri-list-item-img\">\r\n\t\t\t\t\t<img decoding=\"async\" src=\"https:\/\/cycle-leipzig.de\/wp-content\/plugins\/vikrentitems\/admin\/resources\/gravelbike-allroad-a2.png\" alt=\"\" class=\"vrilistimg\"\/>\r\n\t\t\t\t<\/div>\r\n\t\t\t\t\t\t\t\t<div class=\"vri-list-item-descr\">\r\n\t\t\t\t\t<span class=\"vrilistitemname\">Rennrad \/ Gravelbike Corratec Allroard<\/span>\r\n\t\t\t\t\t<span class=\"vrilistitemcat\">Fahrrad (ohne Motor)<\/span>\r\n\t\t\t\t\t<div class=\"vrilistitemdescr\">\r\n\t\t\t\t\t\t<p>K\u00f6rpergr\u00f6\u00dfe: 1,70m bis 1,90m, Shimano Tiagra Schaltung, Carbon Gabel<\/p>\n\t\t\t\t\t<\/div>\r\n\t\t\t\t\t\t\t\t<\/div>\r\n\t\t\t<\/div>\r\n\t\t\t<div class=\"vri-list-item-cont\">\r\n\t\t\t\t<div class=\"vrilistcostdivcont\">\r\n\t\t\t\t\t\t\t\t\t\t<div class=\"vrilistdivcost\">\r\n\t\t\t\t\t\t<span class=\"vriliststartfrom\">Starting From<\/span>\r\n\t\t\t\t\t\t<span class=\"item_cost\">\u20ac 29,00<\/span>\r\n\t\t\t\t\t\t<span class=\"vriliststartfromtext\">per Day<\/span>\r\n\t\t\t\t\t<\/div>\r\n\t\t\t\t\t\t\t\t\t\t<span class=\"vrilistgoonlist\"><a href=\"https:\/\/cycle-leipzig.de\/es\/alquilar-bicicletas-en-cycle-leipzig-de\/?option=com_vikrentitems&amp;view=itemdetails&amp;elemid=17\">View Details<\/a><\/span>\r\n\t\t\t\t<\/div>\r\n\t\t\t<\/div>\r\n\t\t<\/div>\r\n\t\t<\/div>\r\n\r\n<\/div>\r\n\n<\/div>\n\n","protected":false},"excerpt":{"rendered":"","protected":false},"author":1,"featured_media":451,"parent":0,"menu_order":0,"comment_status":"closed","ping_status":"closed","template":"","meta":{"footnotes":""},"class_list":["post-523","page","type-page","status-publish","has-post-thumbnail","hentry"],"yoast_head":"<!-- This site is optimized with the Yoast SEO plugin v27.3 - https:\/\/yoast.com\/product\/yoast-seo-wordpress\/ -->\n<title>Alquilar bicicletas en Cycle-Leipzig.de - Cycle-Leipzig.de - Rent a Bike<\/title>\n<meta name=\"robots\" content=\"index, follow, max-snippet:-1, max-image-preview:large, max-video-preview:-1\" \/>\n<link rel=\"canonical\" href=\"https:\/\/cycle-leipzig.de\/es\/alquilar-bicicletas-en-cycle-leipzig-de\/\" \/>\n<meta property=\"og:locale\" content=\"es_ES\" \/>\n<meta property=\"og:type\" content=\"article\" \/>\n<meta property=\"og:title\" content=\"Alquilar bicicletas en Cycle-Leipzig.de - Cycle-Leipzig.de - Rent a Bike\" \/>\n<meta property=\"og:url\" content=\"https:\/\/cycle-leipzig.de\/es\/alquilar-bicicletas-en-cycle-leipzig-de\/\" \/>\n<meta property=\"og:site_name\" content=\"Cycle-Leipzig.de - Rent a Bike\" \/>\n<meta name=\"twitter:card\" content=\"summary_large_image\" \/>\n<script type=\"application\/ld+json\" class=\"yoast-schema-graph\">{\"@context\":\"https:\\\/\\\/schema.org\",\"@graph\":[{\"@type\":\"WebPage\",\"@id\":\"https:\\\/\\\/cycle-leipzig.de\\\/es\\\/alquilar-bicicletas-en-cycle-leipzig-de\\\/\",\"url\":\"https:\\\/\\\/cycle-leipzig.de\\\/es\\\/alquilar-bicicletas-en-cycle-leipzig-de\\\/\",\"name\":\"Alquilar bicicletas en Cycle-Leipzig.de - Cycle-Leipzig.de - Rent a Bike\",\"isPartOf\":{\"@id\":\"https:\\\/\\\/cycle-leipzig.de\\\/es\\\/#website\"},\"primaryImageOfPage\":{\"@id\":\"https:\\\/\\\/cycle-leipzig.de\\\/es\\\/alquilar-bicicletas-en-cycle-leipzig-de\\\/#primaryimage\"},\"image\":{\"@id\":\"https:\\\/\\\/cycle-leipzig.de\\\/es\\\/alquilar-bicicletas-en-cycle-leipzig-de\\\/#primaryimage\"},\"thumbnailUrl\":\"https:\\\/\\\/cycle-leipzig.de\\\/wp-content\\\/uploads\\\/2023\\\/07\\\/Headerbild-jpg.webp\",\"datePublished\":\"2023-06-28T16:33:57+00:00\",\"breadcrumb\":{\"@id\":\"https:\\\/\\\/cycle-leipzig.de\\\/es\\\/alquilar-bicicletas-en-cycle-leipzig-de\\\/#breadcrumb\"},\"inLanguage\":\"es\",\"potentialAction\":[{\"@type\":\"ReadAction\",\"target\":[\"https:\\\/\\\/cycle-leipzig.de\\\/es\\\/alquilar-bicicletas-en-cycle-leipzig-de\\\/\"]}]},{\"@type\":\"ImageObject\",\"inLanguage\":\"es\",\"@id\":\"https:\\\/\\\/cycle-leipzig.de\\\/es\\\/alquilar-bicicletas-en-cycle-leipzig-de\\\/#primaryimage\",\"url\":\"https:\\\/\\\/cycle-leipzig.de\\\/wp-content\\\/uploads\\\/2023\\\/07\\\/Headerbild-jpg.webp\",\"contentUrl\":\"https:\\\/\\\/cycle-leipzig.de\\\/wp-content\\\/uploads\\\/2023\\\/07\\\/Headerbild-jpg.webp\",\"width\":1870,\"height\":280},{\"@type\":\"BreadcrumbList\",\"@id\":\"https:\\\/\\\/cycle-leipzig.de\\\/es\\\/alquilar-bicicletas-en-cycle-leipzig-de\\\/#breadcrumb\",\"itemListElement\":[{\"@type\":\"ListItem\",\"position\":1,\"name\":\"Startseite\",\"item\":\"https:\\\/\\\/cycle-leipzig.de\\\/es\\\/alquilar-una-bicicleta-y-una-e-bike-en-leipzig\\\/\"},{\"@type\":\"ListItem\",\"position\":2,\"name\":\"Alquilar bicicletas en Cycle-Leipzig.de\"}]},{\"@type\":\"WebSite\",\"@id\":\"https:\\\/\\\/cycle-leipzig.de\\\/es\\\/#website\",\"url\":\"https:\\\/\\\/cycle-leipzig.de\\\/es\\\/\",\"name\":\"Cycle-Leipzig.de - Rent a Bike\",\"description\":\"eBike &amp; Fahrrad mieten in Leipzig Zentrum\",\"publisher\":{\"@id\":\"https:\\\/\\\/cycle-leipzig.de\\\/es\\\/#organization\"},\"alternateName\":\"Fahrrad oder E-Bike mieten im Zentrum von Leipzig\",\"potentialAction\":[{\"@type\":\"SearchAction\",\"target\":{\"@type\":\"EntryPoint\",\"urlTemplate\":\"https:\\\/\\\/cycle-leipzig.de\\\/es\\\/?s={search_term_string}\"},\"query-input\":{\"@type\":\"PropertyValueSpecification\",\"valueRequired\":true,\"valueName\":\"search_term_string\"}}],\"inLanguage\":\"es\"},{\"@type\":\"Organization\",\"@id\":\"https:\\\/\\\/cycle-leipzig.de\\\/es\\\/#organization\",\"name\":\"Cycle-Leipzig.de powerd by eBike-Haus.de GmbH\",\"url\":\"https:\\\/\\\/cycle-leipzig.de\\\/es\\\/\",\"logo\":{\"@type\":\"ImageObject\",\"inLanguage\":\"es\",\"@id\":\"https:\\\/\\\/cycle-leipzig.de\\\/es\\\/#\\\/schema\\\/logo\\\/image\\\/\",\"url\":\"https:\\\/\\\/cycle-leipzig.de\\\/wp-content\\\/uploads\\\/2023\\\/09\\\/Cycle-Leipzig_Logo.png\",\"contentUrl\":\"https:\\\/\\\/cycle-leipzig.de\\\/wp-content\\\/uploads\\\/2023\\\/09\\\/Cycle-Leipzig_Logo.png\",\"width\":2000,\"height\":1576,\"caption\":\"Cycle-Leipzig.de powerd by eBike-Haus.de GmbH\"},\"image\":{\"@id\":\"https:\\\/\\\/cycle-leipzig.de\\\/es\\\/#\\\/schema\\\/logo\\\/image\\\/\"}}]}<\/script>\n<!-- \/ Yoast SEO plugin. -->","yoast_head_json":{"title":"Alquilar bicicletas en Cycle-Leipzig.de - Cycle-Leipzig.de - Rent a Bike","robots":{"index":"index","follow":"follow","max-snippet":"max-snippet:-1","max-image-preview":"max-image-preview:large","max-video-preview":"max-video-preview:-1"},"canonical":"https:\/\/cycle-leipzig.de\/es\/alquilar-bicicletas-en-cycle-leipzig-de\/","og_locale":"es_ES","og_type":"article","og_title":"Alquilar bicicletas en Cycle-Leipzig.de - Cycle-Leipzig.de - Rent a Bike","og_url":"https:\/\/cycle-leipzig.de\/es\/alquilar-bicicletas-en-cycle-leipzig-de\/","og_site_name":"Cycle-Leipzig.de - Rent a Bike","twitter_card":"summary_large_image","schema":{"@context":"https:\/\/schema.org","@graph":[{"@type":"WebPage","@id":"https:\/\/cycle-leipzig.de\/es\/alquilar-bicicletas-en-cycle-leipzig-de\/","url":"https:\/\/cycle-leipzig.de\/es\/alquilar-bicicletas-en-cycle-leipzig-de\/","name":"Alquilar bicicletas en Cycle-Leipzig.de - Cycle-Leipzig.de - Rent a Bike","isPartOf":{"@id":"https:\/\/cycle-leipzig.de\/es\/#website"},"primaryImageOfPage":{"@id":"https:\/\/cycle-leipzig.de\/es\/alquilar-bicicletas-en-cycle-leipzig-de\/#primaryimage"},"image":{"@id":"https:\/\/cycle-leipzig.de\/es\/alquilar-bicicletas-en-cycle-leipzig-de\/#primaryimage"},"thumbnailUrl":"https:\/\/cycle-leipzig.de\/wp-content\/uploads\/2023\/07\/Headerbild-jpg.webp","datePublished":"2023-06-28T16:33:57+00:00","breadcrumb":{"@id":"https:\/\/cycle-leipzig.de\/es\/alquilar-bicicletas-en-cycle-leipzig-de\/#breadcrumb"},"inLanguage":"es","potentialAction":[{"@type":"ReadAction","target":["https:\/\/cycle-leipzig.de\/es\/alquilar-bicicletas-en-cycle-leipzig-de\/"]}]},{"@type":"ImageObject","inLanguage":"es","@id":"https:\/\/cycle-leipzig.de\/es\/alquilar-bicicletas-en-cycle-leipzig-de\/#primaryimage","url":"https:\/\/cycle-leipzig.de\/wp-content\/uploads\/2023\/07\/Headerbild-jpg.webp","contentUrl":"https:\/\/cycle-leipzig.de\/wp-content\/uploads\/2023\/07\/Headerbild-jpg.webp","width":1870,"height":280},{"@type":"BreadcrumbList","@id":"https:\/\/cycle-leipzig.de\/es\/alquilar-bicicletas-en-cycle-leipzig-de\/#breadcrumb","itemListElement":[{"@type":"ListItem","position":1,"name":"Startseite","item":"https:\/\/cycle-leipzig.de\/es\/alquilar-una-bicicleta-y-una-e-bike-en-leipzig\/"},{"@type":"ListItem","position":2,"name":"Alquilar bicicletas en Cycle-Leipzig.de"}]},{"@type":"WebSite","@id":"https:\/\/cycle-leipzig.de\/es\/#website","url":"https:\/\/cycle-leipzig.de\/es\/","name":"Cycle-Leipzig.de - Rent a Bike","description":"eBike &amp; Fahrrad mieten in Leipzig Zentrum","publisher":{"@id":"https:\/\/cycle-leipzig.de\/es\/#organization"},"alternateName":"Fahrrad oder E-Bike mieten im Zentrum von Leipzig","potentialAction":[{"@type":"SearchAction","target":{"@type":"EntryPoint","urlTemplate":"https:\/\/cycle-leipzig.de\/es\/?s={search_term_string}"},"query-input":{"@type":"PropertyValueSpecification","valueRequired":true,"valueName":"search_term_string"}}],"inLanguage":"es"},{"@type":"Organization","@id":"https:\/\/cycle-leipzig.de\/es\/#organization","name":"Cycle-Leipzig.de powerd by eBike-Haus.de GmbH","url":"https:\/\/cycle-leipzig.de\/es\/","logo":{"@type":"ImageObject","inLanguage":"es","@id":"https:\/\/cycle-leipzig.de\/es\/#\/schema\/logo\/image\/","url":"https:\/\/cycle-leipzig.de\/wp-content\/uploads\/2023\/09\/Cycle-Leipzig_Logo.png","contentUrl":"https:\/\/cycle-leipzig.de\/wp-content\/uploads\/2023\/09\/Cycle-Leipzig_Logo.png","width":2000,"height":1576,"caption":"Cycle-Leipzig.de powerd by eBike-Haus.de GmbH"},"image":{"@id":"https:\/\/cycle-leipzig.de\/es\/#\/schema\/logo\/image\/"}}]}},"_links":{"self":[{"href":"https:\/\/cycle-leipzig.de\/es\/wp-json\/wp\/v2\/pages\/523","targetHints":{"allow":["GET"]}}],"collection":[{"href":"https:\/\/cycle-leipzig.de\/es\/wp-json\/wp\/v2\/pages"}],"about":[{"href":"https:\/\/cycle-leipzig.de\/es\/wp-json\/wp\/v2\/types\/page"}],"author":[{"embeddable":true,"href":"https:\/\/cycle-leipzig.de\/es\/wp-json\/wp\/v2\/users\/1"}],"replies":[{"embeddable":true,"href":"https:\/\/cycle-leipzig.de\/es\/wp-json\/wp\/v2\/comments?post=523"}],"version-history":[{"count":0,"href":"https:\/\/cycle-leipzig.de\/es\/wp-json\/wp\/v2\/pages\/523\/revisions"}],"wp:featuredmedia":[{"embeddable":true,"href":"https:\/\/cycle-leipzig.de\/es\/wp-json\/wp\/v2\/media\/451"}],"wp:attachment":[{"href":"https:\/\/cycle-leipzig.de\/es\/wp-json\/wp\/v2\/media?parent=523"}],"curies":[{"name":"wp","href":"https:\/\/api.w.org\/{rel}","templated":true}]}}