{"id":512,"date":"2023-06-28T18:32:32","date_gmt":"2023-06-28T16:32:32","guid":{"rendered":"https:\/\/cycle-leipzig.de\/rent-e-bikes-at-cycle-leipzig-de\/"},"modified":"2024-01-11T15:44:16","modified_gmt":"2024-01-11T14:44:16","slug":"rent-e-bikes-at-cycle-leipzig-de","status":"publish","type":"page","link":"https:\/\/cycle-leipzig.de\/en\/rent-e-bikes-at-cycle-leipzig-de\/","title":{"rendered":"Rent an e-bike at Cycle-Leipzig.de"},"content":{"rendered":"<p>Are you planning a trip to Leipzig and want to explore the city in the most beautiful and relaxed way? Then Cycle-Leipzig.de is the right place for you! We offer you the opportunity to<strong> rent<\/strong> an<strong> e-bike and discover Leipzig and its surroundings on two wheels<\/strong>.<br \/>Centrally located in Leipzig &#8211; easy to reach<br \/>Our <strong>bike rental is located right in the center of Leipzig<\/strong>, so you can easily get to us. Just a few steps away from the train station or a few meters from Augustusplatz, you can reach us by car, public transport or on foot &#8211; we are easy to reach and offer you an absolutely uncomplicated service. No app to download, no complicated registration. <a href=\"http:\/\/cycle-keipzig.de\">Simply book<\/a> or drop by.<\/p>\n\n<div class=\"wrap plugin-container\">\n\n\t\n\t\n\t<div class=\"vri-page-content\">\r\n\t<h3 class=\"vriclistheadt\">E-Bike<\/h3>\r\n\t\t<div class=\"vrilistcontainer\">\r\n\t\t<div class=\"vri-list-item-block\">\r\n\t\t\t<div class=\"vri-list-item-inner\">\r\n\t\t\t\t\t\t\t<div class=\"vri-list-item-img\">\r\n\t\t\t\t\t<img decoding=\"async\" src=\"https:\/\/cycle-leipzig.de\/wp-content\/plugins\/vikrentitems\/admin\/resources\/vthumb_2ebike_flair_diagonal.png\" alt=\"\" class=\"vrilistimg\"\/>\r\n\t\t\t\t<\/div>\r\n\t\t\t\t\t\t\t\t<div class=\"vri-list-item-descr\">\r\n\t\t\t\t\t<span class=\"vrilistitemname\">Flair City Electric Bike<\/span>\r\n\t\t\t\t\t<span class=\"vrilistitemcat\">E-Bike<\/span>\r\n\t\t\t\t\t<div class=\"vrilistitemdescr\">\r\n\t\t\t\t\t\t<p>Height: 1.60m - 1.85m, hub gears, coaster brake<\/p>\n\t\t\t\t\t<\/div>\r\n\t\t\t\t\t\t\t\t\t<div class=\"vrilistitemcarats\"><ul class=\"vriulcarats\">\n<li>Citybike<\/li>\n<\/ul>\n<\/div>\r\n\t\t\t\t\t\t\t\t\t<\/div>\r\n\t\t\t<\/div>\r\n\t\t\t<div class=\"vri-list-item-cont\">\r\n\t\t\t\t<div class=\"vrilistcostdivcont\">\r\n\t\t\t\t\t\t\t\t\t\t<div class=\"vrilistdivcost\">\r\n\t\t\t\t\t\t<span class=\"vriliststartfrom\">Starting From<\/span>\r\n\t\t\t\t\t\t<span class=\"item_cost\">\u20ac 25,00<\/span>\r\n\t\t\t\t\t\t<span class=\"vriliststartfromtext\">per Day<\/span>\r\n\t\t\t\t\t<\/div>\r\n\t\t\t\t\t\t\t\t\t\t<span class=\"vrilistgoonlist\"><a href=\"https:\/\/cycle-leipzig.de\/en\/rent-e-bikes-at-cycle-leipzig-de\/?option=com_vikrentitems&amp;view=itemdetails&amp;elemid=1\">View Details<\/a><\/span>\r\n\t\t\t\t<\/div>\r\n\t\t\t<\/div>\r\n\t\t<\/div>\r\n\t\t\t<div class=\"vri-list-item-block\">\r\n\t\t\t<div class=\"vri-list-item-inner\">\r\n\t\t\t\t\t\t\t<div class=\"vri-list-item-img\">\r\n\t\t\t\t\t<img decoding=\"async\" src=\"https:\/\/cycle-leipzig.de\/wp-content\/plugins\/vikrentitems\/admin\/resources\/bosch-mittelmotor-mietrad.jpg\" alt=\"\" class=\"vrilistimg\"\/>\r\n\t\t\t\t<\/div>\r\n\t\t\t\t\t\t\t\t<div class=\"vri-list-item-descr\">\r\n\t\t\t\t\t<span class=\"vrilistitemname\">City eBike mit Bosch Mittelmotor<\/span>\r\n\t\t\t\t\t<span class=\"vrilistitemcat\">E-Bike<\/span>\r\n\t\t\t\t\t<div class=\"vrilistitemdescr\">\r\n\t\t\t\t\t\t<p>Height: 1.60m - 1.90m, hub gears, no coaster brake<\/p>\n\t\t\t\t\t<\/div>\r\n\t\t\t\t\t\t\t\t\t<div class=\"vrilistitemcarats\"><ul class=\"vriulcarats\">\n<li>Citybike<\/li>\n<\/ul>\n<\/div>\r\n\t\t\t\t\t\t\t\t\t<\/div>\r\n\t\t\t<\/div>\r\n\t\t\t<div class=\"vri-list-item-cont\">\r\n\t\t\t\t<div class=\"vrilistcostdivcont\">\r\n\t\t\t\t\t\t\t\t\t\t<div class=\"vrilistdivcost\">\r\n\t\t\t\t\t\t<span class=\"vriliststartfrom\">Starting From<\/span>\r\n\t\t\t\t\t\t<span class=\"item_cost\">\u20ac 29,00<\/span>\r\n\t\t\t\t\t\t<span class=\"vriliststartfromtext\">per Day<\/span>\r\n\t\t\t\t\t<\/div>\r\n\t\t\t\t\t\t\t\t\t\t<span class=\"vrilistgoonlist\"><a href=\"https:\/\/cycle-leipzig.de\/en\/rent-e-bikes-at-cycle-leipzig-de\/?option=com_vikrentitems&amp;view=itemdetails&amp;elemid=2\">View Details<\/a><\/span>\r\n\t\t\t\t<\/div>\r\n\t\t\t<\/div>\r\n\t\t<\/div>\r\n\t\t\t<div class=\"vri-list-item-block\">\r\n\t\t\t<div class=\"vri-list-item-inner\">\r\n\t\t\t\t\t\t\t<div class=\"vri-list-item-img\">\r\n\t\t\t\t\t<img decoding=\"async\" src=\"https:\/\/cycle-leipzig.de\/wp-content\/plugins\/vikrentitems\/admin\/resources\/2ebike_mtb_diagonal.png\" alt=\"\" class=\"vrilistimg\"\/>\r\n\t\t\t\t<\/div>\r\n\t\t\t\t\t\t\t\t<div class=\"vri-list-item-descr\">\r\n\t\t\t\t\t<span class=\"vrilistitemname\">eMountainbike Heckmotor<\/span>\r\n\t\t\t\t\t<span class=\"vrilistitemcat\">E-Bike<\/span>\r\n\t\t\t\t\t<div class=\"vrilistitemdescr\">\r\n\t\t\t\t\t\t<p>Height: 1.60m to 1.90m, derailleur gears, mountain bike<\/p>\n\t\t\t\t\t<\/div>\r\n\t\t\t\t\t\t\t\t\t<div class=\"vrilistitemcarats\"><ul class=\"vriulcarats\">\n<li>Mountainbike<\/li>\n<li>Herrenrad<\/li>\n<\/ul>\n<\/div>\r\n\t\t\t\t\t\t\t\t\t<\/div>\r\n\t\t\t<\/div>\r\n\t\t\t<div class=\"vri-list-item-cont\">\r\n\t\t\t\t<div class=\"vrilistcostdivcont\">\r\n\t\t\t\t\t\t\t\t\t\t<div class=\"vrilistdivcost\">\r\n\t\t\t\t\t\t<span class=\"vriliststartfrom\">Starting From<\/span>\r\n\t\t\t\t\t\t<span class=\"item_cost\">\u20ac 29,00<\/span>\r\n\t\t\t\t\t\t<span class=\"vriliststartfromtext\">per Day<\/span>\r\n\t\t\t\t\t<\/div>\r\n\t\t\t\t\t\t\t\t\t\t<span class=\"vrilistgoonlist\"><a href=\"https:\/\/cycle-leipzig.de\/en\/rent-e-bikes-at-cycle-leipzig-de\/?option=com_vikrentitems&amp;view=itemdetails&amp;elemid=4\">View Details<\/a><\/span>\r\n\t\t\t\t<\/div>\r\n\t\t\t<\/div>\r\n\t\t<\/div>\r\n\t\t\t<div class=\"vri-list-item-block\">\r\n\t\t\t<div class=\"vri-list-item-inner\">\r\n\t\t\t\t\t\t\t<div class=\"vri-list-item-img\">\r\n\t\t\t\t\t<img decoding=\"async\" src=\"https:\/\/cycle-leipzig.de\/wp-content\/plugins\/vikrentitems\/admin\/resources\/vthumb_bild_2025-02-25_114255152.png\" alt=\"\" class=\"vrilistimg\"\/>\r\n\t\t\t\t<\/div>\r\n\t\t\t\t\t\t\t\t<div class=\"vri-list-item-descr\">\r\n\t\t\t\t\t<span class=\"vrilistitemname\">Herren Trekking E-Bike 29 Zoll<\/span>\r\n\t\t\t\t\t<span class=\"vrilistitemcat\">E-Bike<\/span>\r\n\t\t\t\t\t<div class=\"vrilistitemdescr\">\r\n\t\t\t\t\t\t<p>K\u00f6rpergr\u00f6\u00dfe: 1,70m bis 1,90m, Kettenschaltung, Heckmotor, 500 Wh Akku<\/p>\n\t\t\t\t\t<\/div>\r\n\t\t\t\t\t\t\t\t<\/div>\r\n\t\t\t<\/div>\r\n\t\t\t<div class=\"vri-list-item-cont\">\r\n\t\t\t\t<div class=\"vrilistcostdivcont\">\r\n\t\t\t\t\t\t\t\t\t\t<div class=\"vrilistdivcost\">\r\n\t\t\t\t\t\t<span class=\"vriliststartfrom\">Starting From<\/span>\r\n\t\t\t\t\t\t<span class=\"item_cost\">\u20ac 29,00<\/span>\r\n\t\t\t\t\t\t<span class=\"vriliststartfromtext\">per Day<\/span>\r\n\t\t\t\t\t<\/div>\r\n\t\t\t\t\t\t\t\t\t\t<span class=\"vrilistgoonlist\"><a href=\"https:\/\/cycle-leipzig.de\/en\/rent-e-bikes-at-cycle-leipzig-de\/?option=com_vikrentitems&amp;view=itemdetails&amp;elemid=18\">View Details<\/a><\/span>\r\n\t\t\t\t<\/div>\r\n\t\t\t<\/div>\r\n\t\t<\/div>\r\n\t\t\t<div class=\"vri-list-item-block\">\r\n\t\t\t<div class=\"vri-list-item-inner\">\r\n\t\t\t\t\t\t\t<div class=\"vri-list-item-img\">\r\n\t\t\t\t\t<img decoding=\"async\" src=\"https:\/\/cycle-leipzig.de\/wp-content\/plugins\/vikrentitems\/admin\/resources\/esport-reiserad-herren.png\" alt=\"\" class=\"vrilistimg\"\/>\r\n\t\t\t\t<\/div>\r\n\t\t\t\t\t\t\t\t<div class=\"vri-list-item-descr\">\r\n\t\t\t\t\t<span class=\"vrilistitemname\">Reise- & Trekking E-Bike eSport Herren<\/span>\r\n\t\t\t\t\t<span class=\"vrilistitemcat\">E-Bike<\/span>\r\n\t\t\t\t\t<div class=\"vrilistitemdescr\">\r\n\t\t\t\t\t\t<p>K\u00f6rpergr\u00f6\u00dfe: 1,70m bis 1,90m, Kettenschaltung, starker Motor (100NM), gro\u00dfer Akku<\/p>\n\t\t\t\t\t<\/div>\r\n\t\t\t\t\t\t\t\t<\/div>\r\n\t\t\t<\/div>\r\n\t\t\t<div class=\"vri-list-item-cont\">\r\n\t\t\t\t<div class=\"vrilistcostdivcont\">\r\n\t\t\t\t\t\t\t\t\t\t<div class=\"vrilistdivcost\">\r\n\t\t\t\t\t\t<span class=\"vriliststartfrom\">Starting From<\/span>\r\n\t\t\t\t\t\t<span class=\"item_cost\">\u20ac 29,00<\/span>\r\n\t\t\t\t\t\t<span class=\"vriliststartfromtext\">per Day<\/span>\r\n\t\t\t\t\t<\/div>\r\n\t\t\t\t\t\t\t\t\t\t<span class=\"vrilistgoonlist\"><a href=\"https:\/\/cycle-leipzig.de\/en\/rent-e-bikes-at-cycle-leipzig-de\/?option=com_vikrentitems&amp;view=itemdetails&amp;elemid=16\">View Details<\/a><\/span>\r\n\t\t\t\t<\/div>\r\n\t\t\t<\/div>\r\n\t\t<\/div>\r\n\t\t\t<div class=\"vri-list-item-block\">\r\n\t\t\t<div class=\"vri-list-item-inner\">\r\n\t\t\t\t\t\t\t<div class=\"vri-list-item-img\">\r\n\t\t\t\t\t<img decoding=\"async\" src=\"https:\/\/cycle-leipzig.de\/wp-content\/plugins\/vikrentitems\/admin\/resources\/esport-reiserad-damen.png\" alt=\"\" class=\"vrilistimg\"\/>\r\n\t\t\t\t<\/div>\r\n\t\t\t\t\t\t\t\t<div class=\"vri-list-item-descr\">\r\n\t\t\t\t\t<span class=\"vrilistitemname\">Reise- & Trekking E-Bike eSport Unisex<\/span>\r\n\t\t\t\t\t<span class=\"vrilistitemcat\">E-Bike<\/span>\r\n\t\t\t\t\t<div class=\"vrilistitemdescr\">\r\n\t\t\t\t\t\t<p>K\u00f6rpergr\u00f6\u00dfe: 1,65m bis 1,85m, Kettenschaltung, starker Motor (100NM), gro\u00dfer Akku<\/p>\n\t\t\t\t\t<\/div>\r\n\t\t\t\t\t\t\t\t<\/div>\r\n\t\t\t<\/div>\r\n\t\t\t<div class=\"vri-list-item-cont\">\r\n\t\t\t\t<div class=\"vrilistcostdivcont\">\r\n\t\t\t\t\t\t\t\t\t\t<div class=\"vrilistdivcost\">\r\n\t\t\t\t\t\t<span class=\"vriliststartfrom\">Starting From<\/span>\r\n\t\t\t\t\t\t<span class=\"item_cost\">\u20ac 29,00<\/span>\r\n\t\t\t\t\t\t<span class=\"vriliststartfromtext\">per Day<\/span>\r\n\t\t\t\t\t<\/div>\r\n\t\t\t\t\t\t\t\t\t\t<span class=\"vrilistgoonlist\"><a href=\"https:\/\/cycle-leipzig.de\/en\/rent-e-bikes-at-cycle-leipzig-de\/?option=com_vikrentitems&amp;view=itemdetails&amp;elemid=15\">View Details<\/a><\/span>\r\n\t\t\t\t<\/div>\r\n\t\t\t<\/div>\r\n\t\t<\/div>\r\n\t\t\t<div class=\"vri-list-item-block\">\r\n\t\t\t<div class=\"vri-list-item-inner\">\r\n\t\t\t\t\t\t\t<div class=\"vri-list-item-img\">\r\n\t\t\t\t\t<img decoding=\"async\" src=\"https:\/\/cycle-leipzig.de\/wp-content\/plugins\/vikrentitems\/admin\/resources\/lastenrad-bei-cycle-leipzig.jpg\" alt=\"\" class=\"vrilistimg\"\/>\r\n\t\t\t\t<\/div>\r\n\t\t\t\t\t\t\t\t<div class=\"vri-list-item-descr\">\r\n\t\t\t\t\t<span class=\"vrilistitemname\">E-Lastenrad LongJohn<\/span>\r\n\t\t\t\t\t<span class=\"vrilistitemcat\">E-Bike<\/span>\r\n\t\t\t\t\t<div class=\"vrilistitemdescr\">\r\n\t\t\t\t\t\t<p>K\u00f6rpergr\u00f6\u00dfe: 1,70m bis 1,90m, Nabenschaltung, spezieller Cargomotor, gro\u00dfer Akku, Doppel-Kindersitz<\/p>\n\t\t\t\t\t<\/div>\r\n\t\t\t\t\t\t\t\t<\/div>\r\n\t\t\t<\/div>\r\n\t\t\t<div class=\"vri-list-item-cont\">\r\n\t\t\t\t<div class=\"vrilistcostdivcont\">\r\n\t\t\t\t\t\t\t\t\t\t<div class=\"vrilistdivcost\">\r\n\t\t\t\t\t\t<span class=\"vriliststartfrom\">Starting From<\/span>\r\n\t\t\t\t\t\t<span class=\"item_cost\">\u20ac 49,00<\/span>\r\n\t\t\t\t\t\t<span class=\"vriliststartfromtext\">per Day<\/span>\r\n\t\t\t\t\t<\/div>\r\n\t\t\t\t\t\t\t\t\t\t<span class=\"vrilistgoonlist\"><a href=\"https:\/\/cycle-leipzig.de\/en\/rent-e-bikes-at-cycle-leipzig-de\/?option=com_vikrentitems&amp;view=itemdetails&amp;elemid=21\">View Details<\/a><\/span>\r\n\t\t\t\t<\/div>\r\n\t\t\t<\/div>\r\n\t\t<\/div>\r\n\t\t<\/div>\r\n\r\n<\/div>\r\n\n<\/div>\n\n\n<p><\/p>\n\n<h3 class=\"wp-block-heading\"><strong>Theft insurance included &#8211; worry-free on the road<\/strong><\/h3>\n\n<p><\/p>\n\n<p>With us, every e-bike is protected against theft so that you don&#8217;t have to worry during your tour. Enjoy your ride through Leipzig and the surrounding area without having to worry about the safety of your rental bike.<br\/>Keyword safety: As an e-bike store, we naturally also have <a href=\"https:\/\/ebike-haus.de\/Werkstatt-Service\" target=\"_blank\" rel=\"noreferrer noopener\">our own workshop<\/a> with a trained mechanic. This means that our bikes are in first-class condition.<\/p>\n\n<h3 class=\"wp-block-heading\"><strong>Free cell phone holder &#8211; keep an overview when renting an e-bike<\/strong><\/h3>\n\n<p><\/p>\n\n<p>On top of that, you&#8217;ll receive a practical phone holder for your smartphone free of charge so that you can always keep an overview while driving. This means you always have your navigation app in view and can easily maneuver through the streets of Leipzig.<\/p>\n\n<h3 class=\"wp-block-heading\"><strong>Many e-bike models to choose from &#8211; the right bike for everyone<\/strong><\/h3>\n\n<p><\/p>\n\n<p>We have a large selection of different e-bike models for hire, so there is a bike to suit every taste. Whether city e-bike, mountain bike or trekking e-bike &#8211; you are guaranteed to find the right bike for your tour through Leipzig.<\/p>\n\n<h3 class=\"wp-block-heading\">Discover Leipzig and its surroundings &#8211; reach attractive destinations by e-bike<\/h3>\n\n<p>Leipzig offers numerous cool destinations that you can easily reach with a rented e-bike. How about a <strong>tour to Leipzig&#8217;s New Lakeland<\/strong>? There you can explore the idyllic Lake Markkleeberg and take a refreshing break. With one of our state-of-the-art e-bikes, you are flexible and can enjoy nature to the full.<\/p>\n\n<p>Another highlight is the <a href=\"https:\/\/www.stiftung-voelkerschlachtdenkmal-leipzig.de\/\" target=\"_blank\" rel=\"noreferrer noopener\">impressive Monument to the Battle of the Nations<\/a>, which commemorates the Battle of Leipzig. With an e-bike, you can be on site quickly and see this historic monument up close.<\/p>\n\n<p>And don&#8217;t forget the lively Plagwitz district! Creative districts, urban art and a lively scene await you here. With one of our e-bikes you are mobile and can discover the coolest spots in Plagwitz.<\/p>\n\n<p>So, what are you waiting for? Hire an e-bike from Cycle-Leipzig.de and experience Leipzig in a new, exciting way! Whether for a day trip or a longer stay &#8211; with our e-bikes you are perfectly equipped to explore Leipzig and its surroundings.<\/p>\n","protected":false},"excerpt":{"rendered":"<p>Are you planning a trip to Leipzig and want to explore the city in the most beautiful and relaxed way? Then Cycle-Leipzig.de is the right place for you! We offer you the opportunity to rent an e-bike and discover Leipzig and its surroundings on two wheels.Centrally located in Leipzig &#8211; easy to reachOur bike rental &hellip; <\/p>\n<p class=\"link-more\"><a href=\"https:\/\/cycle-leipzig.de\/en\/rent-e-bikes-at-cycle-leipzig-de\/\" class=\"more-link\"><span class=\"screen-reader-text\"> prova &#8220;Rent an e-bike at Cycle-Leipzig.de&#8221;<\/span><\/a><\/p>\n","protected":false},"author":1,"featured_media":449,"parent":0,"menu_order":0,"comment_status":"closed","ping_status":"closed","template":"","meta":{"footnotes":""},"class_list":["post-512","page","type-page","status-publish","has-post-thumbnail","hentry"],"yoast_head":"<!-- This site is optimized with the Yoast SEO plugin v27.3 - https:\/\/yoast.com\/product\/yoast-seo-wordpress\/ -->\n<title>Rent an e-bike at Cycle-Leipzig.de - Cycle-Leipzig.de - Rent a Bike<\/title>\n<meta name=\"description\" content=\"Rent your e-bike in Leipzig now. Start your visit to the Leipzig lakes right in the city center. Great ride with Cycle-Leipzig.de\" \/>\n<meta name=\"robots\" content=\"index, follow, max-snippet:-1, max-image-preview:large, max-video-preview:-1\" \/>\n<link rel=\"canonical\" href=\"https:\/\/cycle-leipzig.de\/en\/rent-e-bikes-at-cycle-leipzig-de\/\" \/>\n<meta property=\"og:locale\" content=\"en_US\" \/>\n<meta property=\"og:type\" content=\"article\" \/>\n<meta property=\"og:title\" content=\"Rent an e-bike at Cycle-Leipzig.de - Cycle-Leipzig.de - Rent a Bike\" \/>\n<meta property=\"og:description\" content=\"Rent your e-bike in Leipzig now. Start your visit to the Leipzig lakes right in the city center. Great ride with Cycle-Leipzig.de\" \/>\n<meta property=\"og:url\" content=\"https:\/\/cycle-leipzig.de\/en\/rent-e-bikes-at-cycle-leipzig-de\/\" \/>\n<meta property=\"og:site_name\" content=\"Cycle-Leipzig.de - Rent a Bike\" \/>\n<meta property=\"article:modified_time\" content=\"2024-01-11T14:44:16+00:00\" \/>\n<meta property=\"og:image\" content=\"https:\/\/cycle-leipzig.de\/wp-content\/uploads\/2023\/07\/Headerbild-jpg.webp\" \/>\n\t<meta property=\"og:image:width\" content=\"1870\" \/>\n\t<meta property=\"og:image:height\" content=\"280\" \/>\n\t<meta property=\"og:image:type\" content=\"image\/jpeg\" \/>\n<meta name=\"twitter:card\" content=\"summary_large_image\" \/>\n<meta name=\"twitter:label1\" content=\"Est. reading time\" \/>\n\t<meta name=\"twitter:data1\" content=\"2 minutes\" \/>\n<script type=\"application\/ld+json\" class=\"yoast-schema-graph\">{\"@context\":\"https:\\\/\\\/schema.org\",\"@graph\":[{\"@type\":\"WebPage\",\"@id\":\"https:\\\/\\\/cycle-leipzig.de\\\/en\\\/rent-e-bikes-at-cycle-leipzig-de\\\/\",\"url\":\"https:\\\/\\\/cycle-leipzig.de\\\/en\\\/rent-e-bikes-at-cycle-leipzig-de\\\/\",\"name\":\"Rent an e-bike at Cycle-Leipzig.de - Cycle-Leipzig.de - Rent a Bike\",\"isPartOf\":{\"@id\":\"https:\\\/\\\/cycle-leipzig.de\\\/en\\\/#website\"},\"primaryImageOfPage\":{\"@id\":\"https:\\\/\\\/cycle-leipzig.de\\\/en\\\/rent-e-bikes-at-cycle-leipzig-de\\\/#primaryimage\"},\"image\":{\"@id\":\"https:\\\/\\\/cycle-leipzig.de\\\/en\\\/rent-e-bikes-at-cycle-leipzig-de\\\/#primaryimage\"},\"thumbnailUrl\":\"https:\\\/\\\/cycle-leipzig.de\\\/wp-content\\\/uploads\\\/2023\\\/07\\\/Headerbild-jpg.webp\",\"datePublished\":\"2023-06-28T16:32:32+00:00\",\"dateModified\":\"2024-01-11T14:44:16+00:00\",\"description\":\"Rent your e-bike in Leipzig now. Start your visit to the Leipzig lakes right in the city center. Great ride with Cycle-Leipzig.de\",\"breadcrumb\":{\"@id\":\"https:\\\/\\\/cycle-leipzig.de\\\/en\\\/rent-e-bikes-at-cycle-leipzig-de\\\/#breadcrumb\"},\"inLanguage\":\"en-US\",\"potentialAction\":[{\"@type\":\"ReadAction\",\"target\":[\"https:\\\/\\\/cycle-leipzig.de\\\/en\\\/rent-e-bikes-at-cycle-leipzig-de\\\/\"]}]},{\"@type\":\"ImageObject\",\"inLanguage\":\"en-US\",\"@id\":\"https:\\\/\\\/cycle-leipzig.de\\\/en\\\/rent-e-bikes-at-cycle-leipzig-de\\\/#primaryimage\",\"url\":\"https:\\\/\\\/cycle-leipzig.de\\\/wp-content\\\/uploads\\\/2023\\\/07\\\/Headerbild-jpg.webp\",\"contentUrl\":\"https:\\\/\\\/cycle-leipzig.de\\\/wp-content\\\/uploads\\\/2023\\\/07\\\/Headerbild-jpg.webp\",\"width\":1870,\"height\":280},{\"@type\":\"BreadcrumbList\",\"@id\":\"https:\\\/\\\/cycle-leipzig.de\\\/en\\\/rent-e-bikes-at-cycle-leipzig-de\\\/#breadcrumb\",\"itemListElement\":[{\"@type\":\"ListItem\",\"position\":1,\"name\":\"Startseite\",\"item\":\"https:\\\/\\\/cycle-leipzig.de\\\/en\\\/rent-a-bike-e-bike-in-leipzig\\\/\"},{\"@type\":\"ListItem\",\"position\":2,\"name\":\"Rent an e-bike at Cycle-Leipzig.de\"}]},{\"@type\":\"WebSite\",\"@id\":\"https:\\\/\\\/cycle-leipzig.de\\\/en\\\/#website\",\"url\":\"https:\\\/\\\/cycle-leipzig.de\\\/en\\\/\",\"name\":\"Cycle-Leipzig.de - Rent a Bike\",\"description\":\"eBike &amp; Fahrrad mieten in Leipzig Zentrum\",\"publisher\":{\"@id\":\"https:\\\/\\\/cycle-leipzig.de\\\/en\\\/#organization\"},\"alternateName\":\"Fahrrad oder E-Bike mieten im Zentrum von Leipzig\",\"potentialAction\":[{\"@type\":\"SearchAction\",\"target\":{\"@type\":\"EntryPoint\",\"urlTemplate\":\"https:\\\/\\\/cycle-leipzig.de\\\/en\\\/?s={search_term_string}\"},\"query-input\":{\"@type\":\"PropertyValueSpecification\",\"valueRequired\":true,\"valueName\":\"search_term_string\"}}],\"inLanguage\":\"en-US\"},{\"@type\":\"Organization\",\"@id\":\"https:\\\/\\\/cycle-leipzig.de\\\/en\\\/#organization\",\"name\":\"Cycle-Leipzig.de powerd by eBike-Haus.de GmbH\",\"url\":\"https:\\\/\\\/cycle-leipzig.de\\\/en\\\/\",\"logo\":{\"@type\":\"ImageObject\",\"inLanguage\":\"en-US\",\"@id\":\"https:\\\/\\\/cycle-leipzig.de\\\/en\\\/#\\\/schema\\\/logo\\\/image\\\/\",\"url\":\"https:\\\/\\\/cycle-leipzig.de\\\/wp-content\\\/uploads\\\/2023\\\/09\\\/Cycle-Leipzig_Logo.png\",\"contentUrl\":\"https:\\\/\\\/cycle-leipzig.de\\\/wp-content\\\/uploads\\\/2023\\\/09\\\/Cycle-Leipzig_Logo.png\",\"width\":2000,\"height\":1576,\"caption\":\"Cycle-Leipzig.de powerd by eBike-Haus.de GmbH\"},\"image\":{\"@id\":\"https:\\\/\\\/cycle-leipzig.de\\\/en\\\/#\\\/schema\\\/logo\\\/image\\\/\"}}]}<\/script>\n<!-- \/ Yoast SEO plugin. -->","yoast_head_json":{"title":"Rent an e-bike at Cycle-Leipzig.de - Cycle-Leipzig.de - Rent a Bike","description":"Rent your e-bike in Leipzig now. Start your visit to the Leipzig lakes right in the city center. Great ride with Cycle-Leipzig.de","robots":{"index":"index","follow":"follow","max-snippet":"max-snippet:-1","max-image-preview":"max-image-preview:large","max-video-preview":"max-video-preview:-1"},"canonical":"https:\/\/cycle-leipzig.de\/en\/rent-e-bikes-at-cycle-leipzig-de\/","og_locale":"en_US","og_type":"article","og_title":"Rent an e-bike at Cycle-Leipzig.de - Cycle-Leipzig.de - Rent a Bike","og_description":"Rent your e-bike in Leipzig now. Start your visit to the Leipzig lakes right in the city center. Great ride with Cycle-Leipzig.de","og_url":"https:\/\/cycle-leipzig.de\/en\/rent-e-bikes-at-cycle-leipzig-de\/","og_site_name":"Cycle-Leipzig.de - Rent a Bike","article_modified_time":"2024-01-11T14:44:16+00:00","og_image":[{"width":1870,"height":280,"url":"https:\/\/cycle-leipzig.de\/wp-content\/uploads\/2023\/07\/Headerbild-jpg.webp","type":"image\/jpeg"}],"twitter_card":"summary_large_image","twitter_misc":{"Est. reading time":"2 minutes"},"schema":{"@context":"https:\/\/schema.org","@graph":[{"@type":"WebPage","@id":"https:\/\/cycle-leipzig.de\/en\/rent-e-bikes-at-cycle-leipzig-de\/","url":"https:\/\/cycle-leipzig.de\/en\/rent-e-bikes-at-cycle-leipzig-de\/","name":"Rent an e-bike at Cycle-Leipzig.de - Cycle-Leipzig.de - Rent a Bike","isPartOf":{"@id":"https:\/\/cycle-leipzig.de\/en\/#website"},"primaryImageOfPage":{"@id":"https:\/\/cycle-leipzig.de\/en\/rent-e-bikes-at-cycle-leipzig-de\/#primaryimage"},"image":{"@id":"https:\/\/cycle-leipzig.de\/en\/rent-e-bikes-at-cycle-leipzig-de\/#primaryimage"},"thumbnailUrl":"https:\/\/cycle-leipzig.de\/wp-content\/uploads\/2023\/07\/Headerbild-jpg.webp","datePublished":"2023-06-28T16:32:32+00:00","dateModified":"2024-01-11T14:44:16+00:00","description":"Rent your e-bike in Leipzig now. Start your visit to the Leipzig lakes right in the city center. Great ride with Cycle-Leipzig.de","breadcrumb":{"@id":"https:\/\/cycle-leipzig.de\/en\/rent-e-bikes-at-cycle-leipzig-de\/#breadcrumb"},"inLanguage":"en-US","potentialAction":[{"@type":"ReadAction","target":["https:\/\/cycle-leipzig.de\/en\/rent-e-bikes-at-cycle-leipzig-de\/"]}]},{"@type":"ImageObject","inLanguage":"en-US","@id":"https:\/\/cycle-leipzig.de\/en\/rent-e-bikes-at-cycle-leipzig-de\/#primaryimage","url":"https:\/\/cycle-leipzig.de\/wp-content\/uploads\/2023\/07\/Headerbild-jpg.webp","contentUrl":"https:\/\/cycle-leipzig.de\/wp-content\/uploads\/2023\/07\/Headerbild-jpg.webp","width":1870,"height":280},{"@type":"BreadcrumbList","@id":"https:\/\/cycle-leipzig.de\/en\/rent-e-bikes-at-cycle-leipzig-de\/#breadcrumb","itemListElement":[{"@type":"ListItem","position":1,"name":"Startseite","item":"https:\/\/cycle-leipzig.de\/en\/rent-a-bike-e-bike-in-leipzig\/"},{"@type":"ListItem","position":2,"name":"Rent an e-bike at Cycle-Leipzig.de"}]},{"@type":"WebSite","@id":"https:\/\/cycle-leipzig.de\/en\/#website","url":"https:\/\/cycle-leipzig.de\/en\/","name":"Cycle-Leipzig.de - Rent a Bike","description":"eBike &amp; Fahrrad mieten in Leipzig Zentrum","publisher":{"@id":"https:\/\/cycle-leipzig.de\/en\/#organization"},"alternateName":"Fahrrad oder E-Bike mieten im Zentrum von Leipzig","potentialAction":[{"@type":"SearchAction","target":{"@type":"EntryPoint","urlTemplate":"https:\/\/cycle-leipzig.de\/en\/?s={search_term_string}"},"query-input":{"@type":"PropertyValueSpecification","valueRequired":true,"valueName":"search_term_string"}}],"inLanguage":"en-US"},{"@type":"Organization","@id":"https:\/\/cycle-leipzig.de\/en\/#organization","name":"Cycle-Leipzig.de powerd by eBike-Haus.de GmbH","url":"https:\/\/cycle-leipzig.de\/en\/","logo":{"@type":"ImageObject","inLanguage":"en-US","@id":"https:\/\/cycle-leipzig.de\/en\/#\/schema\/logo\/image\/","url":"https:\/\/cycle-leipzig.de\/wp-content\/uploads\/2023\/09\/Cycle-Leipzig_Logo.png","contentUrl":"https:\/\/cycle-leipzig.de\/wp-content\/uploads\/2023\/09\/Cycle-Leipzig_Logo.png","width":2000,"height":1576,"caption":"Cycle-Leipzig.de powerd by eBike-Haus.de GmbH"},"image":{"@id":"https:\/\/cycle-leipzig.de\/en\/#\/schema\/logo\/image\/"}}]}},"_links":{"self":[{"href":"https:\/\/cycle-leipzig.de\/en\/wp-json\/wp\/v2\/pages\/512","targetHints":{"allow":["GET"]}}],"collection":[{"href":"https:\/\/cycle-leipzig.de\/en\/wp-json\/wp\/v2\/pages"}],"about":[{"href":"https:\/\/cycle-leipzig.de\/en\/wp-json\/wp\/v2\/types\/page"}],"author":[{"embeddable":true,"href":"https:\/\/cycle-leipzig.de\/en\/wp-json\/wp\/v2\/users\/1"}],"replies":[{"embeddable":true,"href":"https:\/\/cycle-leipzig.de\/en\/wp-json\/wp\/v2\/comments?post=512"}],"version-history":[{"count":7,"href":"https:\/\/cycle-leipzig.de\/en\/wp-json\/wp\/v2\/pages\/512\/revisions"}],"predecessor-version":[{"id":622,"href":"https:\/\/cycle-leipzig.de\/en\/wp-json\/wp\/v2\/pages\/512\/revisions\/622"}],"wp:featuredmedia":[{"embeddable":true,"href":"https:\/\/cycle-leipzig.de\/en\/wp-json\/wp\/v2\/media\/449"}],"wp:attachment":[{"href":"https:\/\/cycle-leipzig.de\/en\/wp-json\/wp\/v2\/media?parent=512"}],"curies":[{"name":"wp","href":"https:\/\/api.w.org\/{rel}","templated":true}]}}